{"id":9,"date":"2015-09-10T19:47:03","date_gmt":"2015-09-10T16:47:03","guid":{"rendered":"http:\/\/test.marathonmc.com\/?page_id=9"},"modified":"2016-03-07T22:20:41","modified_gmt":"2016-03-07T20:20:41","slug":"marathon-mc","status":"publish","type":"page","link":"https:\/\/test.marathonmc.com\/?page_id=9","title":{"rendered":"Marathon MC"},"content":{"rendered":"<p style=\"text-align: center;\"><span style=\"color: #ef7700;\"><strong><span style=\"font-family: georgia, palatino; font-size: 18pt;\">Marathon MC<\/span><\/strong><\/span><\/p>\n<p>&nbsp;<\/p>\n<hr \/>\n<p><a href=\"http:\/\/test.marathonmc.com\/?page_id=329\"><img loading=\"lazy\" class=\"aligncenter wp-image-345\" src=\"http:\/\/test.marathonmc.com\/wp-content\/uploads\/2015\/09\/stockvault-usa-grunge-flag134028-300x158.jpg\" alt=\"stockvault-usa-grunge-flag134028\" width=\"53\" height=\"28\" srcset=\"https:\/\/test.marathonmc.com\/wp-content\/uploads\/2015\/09\/stockvault-usa-grunge-flag134028-300x158.jpg 300w, https:\/\/test.marathonmc.com\/wp-content\/uploads\/2015\/09\/stockvault-usa-grunge-flag134028-768x404.jpg 768w, https:\/\/test.marathonmc.com\/wp-content\/uploads\/2015\/09\/stockvault-usa-grunge-flag134028-1024x538.jpg 1024w, https:\/\/test.marathonmc.com\/wp-content\/uploads\/2015\/09\/stockvault-usa-grunge-flag134028-672x372.jpg 672w, https:\/\/test.marathonmc.com\/wp-content\/uploads\/2015\/09\/stockvault-usa-grunge-flag134028-1110x576.jpg 1110w, https:\/\/test.marathonmc.com\/wp-content\/uploads\/2015\/09\/stockvault-usa-grunge-flag134028.jpg 1800w\" sizes=\"(max-width: 53px) 100vw, 53px\" \/><\/a><\/p>\n<hr \/>\n<p><span style=\"font-family: arial, helvetica, sans-serif; font-size: 12pt;\">Marathon MC on moottoripy\u00f6r\u00e4kerho, jonka j\u00e4senet ajavat ja rakentavat Harrikoita. Sen lis\u00e4ksi j\u00e4senet harrastavat aktiivisesti <strong>maraton<\/strong>&#8211; ja <strong>puolimaraton<\/strong>juoksua. T\u00e4m\u00e4 erikoinen yhdistelm\u00e4 on ainutlaatuinen Suomessa, ehk\u00e4 jopa kansainv\u00e4lisesti.<\/span><\/p>\n<p><span style=\"font-family: arial, helvetica, sans-serif; font-size: 12pt;\">Osallistumme erilaisiin HD-kokoontumisiin ja -tapahtumiin sek\u00e4 maratontapahtumiin Suomessa ja ulkomailla. Kes\u00e4inen maantie kutsuu meit\u00e4 kahdella parhaimmalla ajateltavissa olevalla tavalla; Harrikan \u00e4rjyvill\u00e4 hevosvoimilla ja jalkojen lihasvoimalla. Toimintamme perusidea on vied\u00e4 HD-kulttuurin ilosanomaa juoksupiireihin ja -tapahtumiin sek\u00e4 n\u00e4ytt\u00e4\u00e4 esimerkki\u00e4 kahden el\u00e4m\u00e4ntavan onnistuneesta yhdist\u00e4misest\u00e4. Suomessa ei toimi muita mc-kerhoja t\u00e4ss\u00e4 nimenomaisessa toimintaymp\u00e4rist\u00f6ss\u00e4.<\/span><\/p>\n<p><span style=\"font-family: arial, helvetica, sans-serif; font-size: 12pt;\">Ettei tule v\u00e4\u00e4r\u00e4\u00e4 k\u00e4sityst\u00e4 jostakin terveysintoilijaporukasta, niin tarkennettakoon, ett\u00e4 j\u00e4senemme eiv\u00e4t todellakaan sylje lasiin&#8230;\u00a0Tunnettiinhan kuningas alkoholi jo 1900 -luvun alussa juoksijoiden &#8221;toupinki&#8221;aineena ennen rankkaa suoritusta.<\/span><\/p>\n<p><span style=\"font-family: arial, helvetica, sans-serif; font-size: 12pt;\">Tunnuksemme hyv\u00e4ksyttiin Biker Meetingiss\u00e4 Helsingiss\u00e4, syyskuussa 2008.<\/span><\/p>\n<p><span style=\"font-family: arial, helvetica, sans-serif; font-size: 12pt;\">Jos kiinnostuit kerhostamme ja toiminnastamme, <span style=\"text-decoration: underline;\"><a href=\"http:\/\/test.marathonmc.com\/?page_id=43\">contact us!<\/a><\/span><\/span><\/p>\n<p style=\"text-align: justify;\"><img loading=\"lazy\" class=\"aligncenter wp-image-342 size-full\" src=\"http:\/\/test.marathonmc.com\/wp-content\/uploads\/2015\/09\/11043389_893432354040920_5698085064877360620_o.jpg\" alt=\"\" width=\"962\" height=\"541\" srcset=\"https:\/\/test.marathonmc.com\/wp-content\/uploads\/2015\/09\/11043389_893432354040920_5698085064877360620_o.jpg 962w, https:\/\/test.marathonmc.com\/wp-content\/uploads\/2015\/09\/11043389_893432354040920_5698085064877360620_o-300x169.jpg 300w, https:\/\/test.marathonmc.com\/wp-content\/uploads\/2015\/09\/11043389_893432354040920_5698085064877360620_o-768x432.jpg 768w\" sizes=\"(max-width: 962px) 100vw, 962px\" \/><\/p>\n","protected":false},"excerpt":{"rendered":"<p>Marathon MC &nbsp; Marathon MC on moottoripy\u00f6r\u00e4kerho, jonka j\u00e4senet ajavat ja rakentavat Harrikoita. Sen lis\u00e4ksi j\u00e4senet harrastavat aktiivisesti maraton&#8211; ja puolimaratonjuoksua. T\u00e4m\u00e4 erikoinen yhdistelm\u00e4 on ainutlaatuinen Suomessa, ehk\u00e4 jopa kansainv\u00e4lisesti. Osallistumme erilaisiin HD-kokoontumisiin ja -tapahtumiin sek\u00e4 maratontapahtumiin Suomessa ja ulkomailla. Kes\u00e4inen maantie kutsuu meit\u00e4 kahdella parhaimmalla ajateltavissa olevalla tavalla; Harrikan \u00e4rjyvill\u00e4 hevosvoimilla ja jalkojen lihasvoimalla&#8230;.<\/p>\n","protected":false},"author":1,"featured_media":0,"parent":0,"menu_order":0,"comment_status":"open","ping_status":"open","template":"page-templates\/full-width.php","meta":[],"_links":{"self":[{"href":"https:\/\/test.marathonmc.com\/index.php?rest_route=\/wp\/v2\/pages\/9"}],"collection":[{"href":"https:\/\/test.marathonmc.com\/index.php?rest_route=\/wp\/v2\/pages"}],"about":[{"href":"https:\/\/test.marathonmc.com\/index.php?rest_route=\/wp\/v2\/types\/page"}],"author":[{"embeddable":true,"href":"https:\/\/test.marathonmc.com\/index.php?rest_route=\/wp\/v2\/users\/1"}],"replies":[{"embeddable":true,"href":"https:\/\/test.marathonmc.com\/index.php?rest_route=%2Fwp%2Fv2%2Fcomments&post=9"}],"version-history":[{"count":21,"href":"https:\/\/test.marathonmc.com\/index.php?rest_route=\/wp\/v2\/pages\/9\/revisions"}],"predecessor-version":[{"id":361,"href":"https:\/\/test.marathonmc.com\/index.php?rest_route=\/wp\/v2\/pages\/9\/revisions\/361"}],"wp:attachment":[{"href":"https:\/\/test.marathonmc.com\/index.php?rest_route=%2Fwp%2Fv2%2Fmedia&parent=9"}],"curies":[{"name":"wp","href":"https:\/\/api.w.org\/{rel}","templated":true}]}}