{"id":244,"date":"2016-01-29T00:19:21","date_gmt":"2016-01-28T22:19:21","guid":{"rendered":"http:\/\/test.marathonmc.com\/?page_id=244"},"modified":"2016-02-19T11:30:22","modified_gmt":"2016-02-19T09:30:22","slug":"ateenan-maraton-10-11-2013-2","status":"publish","type":"page","link":"https:\/\/test.marathonmc.com\/?page_id=244","title":{"rendered":"Ateenan maraton 10.11.2013"},"content":{"rendered":"<p style=\"text-align: center;\"><strong><span style=\"font-size: 18pt; font-family: georgia, palatino; color: #ef7700;\">Ateenan maraton 10.11.2013<\/span><\/strong><\/p>\n<hr \/>\n<p>Kerholaisilla oli jo pitemp\u00e4\u00e4n hautunut ajatus juosta maraton jossain isommassa tapahtumassa ulkomailla. Mietimme erilaisia vaihtoehtoja ja p\u00e4\u00e4dyimme Ateenan maratoniin.<\/p>\n<p>Mik\u00e4p\u00e4 olisikaan ollut parempi paikka\u00a0 juosta maraton, kuin siell\u00e4 mist\u00e4 kaikki alkoi 2500 vuotta sitten. Reitti tulisi olemaan autenttinen ja alkuper\u00e4inen, se ainoa oikea: Marathonin kyl\u00e4st\u00e4 Ateenaan!<\/p>\n<p>Niinp\u00e4 kuusi meist\u00e4, lis\u00e4ttyn\u00e4 kahdella yst\u00e4v\u00e4ll\u00e4, l\u00e4hdimme perjantaina 8.11. matkaan kohti Ateenaa. Tulihan siin\u00e4 poikettua samalla Turkissakin, id\u00e4n ja l\u00e4nnen solmukohdassa Istanbulissa (tosin vain lentokent\u00e4ll\u00e4, mutta rakit piti totta kai ottaa).<\/p>\n<p>Saavuimme illalla hotelliin ja olikin sitten kunnon viiden t\u00e4hden paikka. Hotellin yl\u00e4terasseilta oli mahtavat n\u00e4kym\u00e4t yli koko kaupungin ja ne antiikin kivikasatkin n\u00e4kyiv\u00e4t suoraan silmiemme edess\u00e4.<br \/>\nEnsimm\u00e4isen\u00e4 iltana asetuimme taloksi, tutustuimme hotellin tarjontaan, otimme tervetulomaljaa (ouzoa tietty), poikettiin iltapalalla ja teimme pieni k\u00e4velylenkin l\u00e4hikaduilla\u2026<\/p>\n<p><a href=\"http:\/\/test.marathonmc.com\/wp-content\/uploads\/2016\/01\/ateena20132013-11-09-0651.jpg\"><img loading=\"lazy\" class=\" size-full wp-image-167 alignleft\" src=\"http:\/\/test.marathonmc.com\/wp-content\/uploads\/2016\/01\/ateena20132013-11-09-0651.jpg\" alt=\"ateena20132013-11-09-0651\" width=\"400\" height=\"300\" srcset=\"https:\/\/test.marathonmc.com\/wp-content\/uploads\/2016\/01\/ateena20132013-11-09-0651.jpg 400w, https:\/\/test.marathonmc.com\/wp-content\/uploads\/2016\/01\/ateena20132013-11-09-0651-300x225.jpg 300w\" sizes=\"(max-width: 400px) 100vw, 400px\" \/><\/a><\/p>\n<p>Lauantai-aamuna l\u00e4hdimme vajaan 10 kilometrin p\u00e4\u00e4h\u00e4n urheilukeskukseen hakemaan l\u00e4ht\u00f6numeroita ja juoksija\/infopaketteja, jotka j\u00e4rjest\u00e4j\u00e4t olivat valmiiksi tehneet. Maratonmessuilla tarjottiin kaikenn\u00e4k\u00f6ist\u00e4 ostettavaa, jos joltakin juoksijalta jotain viel\u00e4 puuttui.<br \/>\nHer\u00e4timme aika paljon huomiota liiveinemme kuljeskellessamme k\u00e4yt\u00e4vill\u00e4. Meit\u00e4 nimitt\u00e4in kuvattiin ahkerasti, pyydettiin poseeraamaan ihmisten kanssa sek\u00e4 kyseltiin uteliaana mink\u00e4laisesta porukasta on kyse.<\/p>\n<p>Takaisin Ateenan keskustaan p\u00e4\u00e4sty\u00e4mme, osa porukasta p\u00e4\u00e4tti l\u00e4hte\u00e4 loppup\u00e4iv\u00e4ksi tutustumaan kaupungin n\u00e4ht\u00e4vyyksiin mm. Akropolikseen ja osa chillaili muuten vaan kaupungilla. Lauantai meni odottavissa tunnelmissa ja tankkaillessa.<br \/>\nHotelli oli j\u00e4rjest\u00e4nyt illaksi pastabuffetin eli n\u00e4in huomioitiin hotellissa asuvat juoksijat. Hotellissa oli viel\u00e4 erikseen juoksup\u00e4iv\u00e4n aamuna \u00a0klo\u00a0 5 alkava aamiainen. Electra Palace \u2013hotellia voi siis suositella l\u00e4mpim\u00e4sti kaikille Ateenan maratonille menij\u00f6ille.<br \/>\nSaunat ja uima-altaat l\u00f6ytyv\u00e4t nimitt\u00e4in my\u00f6s. Fiilikset olivat illalla korkealla ja kaikilla j\u00e4nnitt\u00e4v\u00e4n odottavat. P\u00e4\u00e4sisip\u00e4 jo baanalle\u2026.!<\/p>\n<p>Sunnuntai -aamuna her\u00e4tys klo 5, aamiainen ja kamat valmiiksi ja ei muuta kuin porukka busseihin ja niit\u00e4 muuten riitti. J\u00e4rjest\u00e4j\u00e4t ajoivat non-stoppina porukkaa Ateenan keskustasta Marathonin kyl\u00e4\u00e4n l\u00e4ht\u00f6paikalle.<br \/>\nHienosti ajateltu ja hoidettu. V\u00e4ke\u00e4 oli l\u00e4ht\u00f6paikalla paljon. Huomasimme 11\u00a0000 muunkin juoksijan ajatelleen, ett\u00e4 Ateena voisi olla hieno paikka juosta\u2026<\/p>\n<p><a href=\"http:\/\/test.marathonmc.com\/wp-content\/uploads\/2016\/01\/ateena20132013-11-10-0816.jpg\"><img loading=\"lazy\" class=\"alignnone size-full wp-image-168\" src=\"http:\/\/test.marathonmc.com\/wp-content\/uploads\/2016\/01\/ateena20132013-11-10-0816.jpg\" alt=\"ateena20132013-11-10-0816\" width=\"400\" height=\"300\" srcset=\"https:\/\/test.marathonmc.com\/wp-content\/uploads\/2016\/01\/ateena20132013-11-10-0816.jpg 400w, https:\/\/test.marathonmc.com\/wp-content\/uploads\/2016\/01\/ateena20132013-11-10-0816-300x225.jpg 300w\" sizes=\"(max-width: 400px) 100vw, 400px\" \/><\/a><\/p>\n<p>Hyviss\u00e4 ajoin ennen starttia, juoksijoita ohjeistettiin viem\u00e4\u00e4n tavarat kuorma-autoihin, jotka olivat l\u00e4ht\u00f6numeron mukaisesti\u00a0 jaoteltu. Tavarat saisi taas vastaavasti maalissa samasta autosta.\u00a0 Siirtyminen kuorma-autoille ja kuorma-autoilta l\u00e4ht\u00f6paikalle oli aika ruuhkaista, mutta siit\u00e4kin selvittiin.<br \/>\nN\u00e4in voitiinkin hyvill\u00e4 mielin odotella l\u00e4ht\u00f6laukausta ja alkuseremonioita. Juoksijoita saateltiin matkaan ilotulituksen kera, joten tunnelma oli taattu. L\u00e4hd\u00f6t oli jaettu muutamaan ryhm\u00e4\u00e4n arvioidun loppuajan mukaan, joten n\u00e4in v\u00e4ltettiin alkurynt\u00e4ys. Matkaan mars!<\/p>\n<p>Massamaratoneilla on se hyv\u00e4 asia, ettei todellakaan tarvitse juosta yksin. Pitk\u00e4 rintama juoksijoita n\u00e4kyi sek\u00e4 edess\u00e4 ett\u00e4 takana, kun juoksimme pitkin isoa valtav\u00e4yl\u00e4\u00e4 kohti Ateenaa. S\u00e4\u00e4 oli helteinen, l\u00e4mp\u00f6\u00e4 n. +27 astetta ja auringossa tuntui todella l\u00e4mp\u00f6iselt\u00e4. Mutta l\u00e4mp\u00f6h\u00e4n ei luita riko.<br \/>\nAteenan reitti on aika raskas profiililtaan. K\u00e4yt\u00e4nn\u00f6ss\u00e4 nousua on 32,5 km saakka. Aika jyrkkienkin m\u00e4ennyppyl\u00f6iden j\u00e4lkeen tuli pienen alam\u00e4kiosuuden j\u00e4lleen uusi nousu ja n\u00e4in reitti eteni aina sinne viimeiselle kympille saakka.<br \/>\nHaasteita t\u00e4ll\u00e4 reitill\u00e4 siis riitt\u00e4\u00e4 ja reidet sek\u00e4 pohkeet huutavat kyll\u00e4 hoosiannaa, mutta seh\u00e4n on vaan nautintoa\u2026<\/p>\n<p>Huollossa ei ollut moittimista, juotavaa ja my\u00f6hemmin matkan edetess\u00e4 sy\u00f6t\u00e4v\u00e4\u00e4kin sai riitt\u00e4v\u00e4sti. J\u00e4rjest\u00e4j\u00e4t osasivat hommansa. Kreikassa arvostetaan maratonia lajina ja se kyll\u00e4 n\u00e4kyi.<br \/>\nKannustusta sai todella hyvin ja koko matkan oli paljon v\u00e4ke\u00e4 vauvasta vaariin kadun varrella huutamassa ja taputtamassa.\u00a0 Se kannustus tuli tarpeeseen niit\u00e4 yl\u00e4m\u00e4ki\u00e4 noustessa. Muutamia musiikki- ja tanssiesityksi\u00e4kin mahtui mukaan.<\/p>\n<p>Oma juoksuni oli koko vuoden kest\u00e4neiden jalkavaivojen takia hidasta h\u00f6lkk\u00e4tasoa, mutta seh\u00e4n t\u00e4llaiseen reittiprofiiliin ja massajuoksuun sopi. Saipahan ainakin koko rahan edest\u00e4 olla liikkeell\u00e4, mutta on se vaan pirun raskasta olla pitk\u00e4\u00e4n reitill\u00e4 ja juosta yli puoli ty\u00f6p\u00e4iv\u00e4\u00e4.<br \/>\nJuoksijoiden saapuessa koko ajan l\u00e4hemm\u00e4s Ateenan keskustaa, v\u00e4kim\u00e4\u00e4r\u00e4 tietty lis\u00e4\u00e4ntyi kadunvarsilla ja katsojien huudot vaan koventuivat. Viimeinen kymppi oli tasaista ja alam\u00e4kivoittoista, joten siin\u00e4 kelpasi lasketella jo niin v\u00e4syneill\u00e4kin jaloilla.<br \/>\nAntiikin stadionin ja maalipaikan l\u00e4hestyess\u00e4 j\u00e4i mieleen viimeisell\u00e4 pitk\u00e4ll\u00e4 alam\u00e4kiosuudella, se mahtava yleis\u00f6n pauhu. Siin\u00e4 tunsi kyll\u00e4 olevansa joku suurikin urheilija. Aivan huikea kokemus kerta kaikkiaan.<br \/>\nAntiikin stadion on iso paikka, katsomoon mahtuu 70\u00a0000 ihmist\u00e4. Tosin ihan tuota m\u00e4\u00e4r\u00e4\u00e4 ei kyll\u00e4k\u00e4\u00e4n paikalla ollut, mutta todellakin historian havinaa sit\u00e4kin enemm\u00e4n.<br \/>\nMaaliviivan ohitettua oli etuoikeutettu olo k\u00e4vell\u00e4 rauhassa stadion ymp\u00e4ri ja fiilistell\u00e4 entisaikojen kisojen tunnelmaa. Mahtavaa!<\/p>\n<p><a href=\"http:\/\/test.marathonmc.com\/wp-content\/uploads\/2016\/01\/ateena20132013-11-10-0865.jpg\"><img loading=\"lazy\" class=\" size-full wp-image-169 alignnone\" src=\"http:\/\/test.marathonmc.com\/wp-content\/uploads\/2016\/01\/ateena20132013-11-10-0865.jpg\" alt=\"ateena20132013-11-10-0865\" width=\"300\" height=\"400\" srcset=\"https:\/\/test.marathonmc.com\/wp-content\/uploads\/2016\/01\/ateena20132013-11-10-0865.jpg 300w, https:\/\/test.marathonmc.com\/wp-content\/uploads\/2016\/01\/ateena20132013-11-10-0865-225x300.jpg 225w\" sizes=\"(max-width: 300px) 100vw, 300px\" \/><\/a><\/p>\n<p>MC-kerhomme kuusi j\u00e4sent\u00e4 oli maratonilla mukana ja kaikki olivat tyytyv\u00e4isi\u00e4 omiin suorituksiinsa. Loppuajat olivat 3.30 &#8211; 5 tuntia. Osa porukkaa juoksi siis tosi kovaakin viel\u00e4, osa enemm\u00e4n nautiskellen.<br \/>\nTaisivat nuo kaksi kovinta kaveria tuossakin vauhdissa nautiskella\u2026 Upea suoritus kaikilta.<\/p>\n<p>Maratonin j\u00e4lkeen kelpasikin sitten muutama p\u00e4iv\u00e4 juhlia kunnolla ja katsella kaikki antiikin n\u00e4ht\u00e4vyydet, mit\u00e4 Ateena tarjosi.\u00a0 Yksi t\u00e4rkeimmist\u00e4 matkan anneista oli my\u00f6s se, kun saimme yhdistetty\u00e4 sik\u00e4l\u00e4isen MC-yst\u00e4v\u00e4kerhon tapaamisen maratonmatkaan mukaan.<br \/>\nKun bikerit kohtaavat, niin hauskaahan siit\u00e4 v\u00e4kisin tulee\u2026<\/p>\n<p><a href=\"http:\/\/test.marathonmc.com\/wp-content\/uploads\/2016\/01\/ateena20131463153_1428806484014593_59886558_n.jpg\"><img loading=\"lazy\" class=\"alignnone size-full wp-image-170\" src=\"http:\/\/test.marathonmc.com\/wp-content\/uploads\/2016\/01\/ateena20131463153_1428806484014593_59886558_n.jpg\" alt=\"ateena20131463153_1428806484014593_59886558_n\" width=\"400\" height=\"225\" srcset=\"https:\/\/test.marathonmc.com\/wp-content\/uploads\/2016\/01\/ateena20131463153_1428806484014593_59886558_n.jpg 400w, https:\/\/test.marathonmc.com\/wp-content\/uploads\/2016\/01\/ateena20131463153_1428806484014593_59886558_n-300x169.jpg 300w\" sizes=\"(max-width: 400px) 100vw, 400px\" \/><\/a><\/p>\n<p>&nbsp;<\/p>\n<p>Hartsa<\/p>\n","protected":false},"excerpt":{"rendered":"<p>Ateenan maraton 10.11.2013 Kerholaisilla oli jo pitemp\u00e4\u00e4n hautunut ajatus juosta maraton jossain isommassa tapahtumassa ulkomailla. Mietimme erilaisia vaihtoehtoja ja p\u00e4\u00e4dyimme Ateenan maratoniin. Mik\u00e4p\u00e4 olisikaan ollut parempi paikka\u00a0 juosta maraton, kuin siell\u00e4 mist\u00e4 kaikki alkoi 2500 vuotta sitten. Reitti tulisi olemaan autenttinen ja alkuper\u00e4inen, se ainoa oikea: Marathonin kyl\u00e4st\u00e4 Ateenaan! Niinp\u00e4 kuusi meist\u00e4, lis\u00e4ttyn\u00e4 kahdella yst\u00e4v\u00e4ll\u00e4,&#8230;<\/p>\n","protected":false},"author":1,"featured_media":0,"parent":131,"menu_order":0,"comment_status":"open","ping_status":"closed","template":"page-templates\/full-width.php","meta":[],"_links":{"self":[{"href":"https:\/\/test.marathonmc.com\/index.php?rest_route=\/wp\/v2\/pages\/244"}],"collection":[{"href":"https:\/\/test.marathonmc.com\/index.php?rest_route=\/wp\/v2\/pages"}],"about":[{"href":"https:\/\/test.marathonmc.com\/index.php?rest_route=\/wp\/v2\/types\/page"}],"author":[{"embeddable":true,"href":"https:\/\/test.marathonmc.com\/index.php?rest_route=\/wp\/v2\/users\/1"}],"replies":[{"embeddable":true,"href":"https:\/\/test.marathonmc.com\/index.php?rest_route=%2Fwp%2Fv2%2Fcomments&post=244"}],"version-history":[{"count":4,"href":"https:\/\/test.marathonmc.com\/index.php?rest_route=\/wp\/v2\/pages\/244\/revisions"}],"predecessor-version":[{"id":255,"href":"https:\/\/test.marathonmc.com\/index.php?rest_route=\/wp\/v2\/pages\/244\/revisions\/255"}],"up":[{"embeddable":true,"href":"https:\/\/test.marathonmc.com\/index.php?rest_route=\/wp\/v2\/pages\/131"}],"wp:attachment":[{"href":"https:\/\/test.marathonmc.com\/index.php?rest_route=%2Fwp%2Fv2%2Fmedia&parent=244"}],"curies":[{"name":"wp","href":"https:\/\/api.w.org\/{rel}","templated":true}]}}