{"id":219,"date":"2016-01-28T23:59:48","date_gmt":"2016-01-28T21:59:48","guid":{"rendered":"http:\/\/test.marathonmc.com\/?page_id=219"},"modified":"2016-01-28T23:59:48","modified_gmt":"2016-01-28T21:59:48","slug":"vaarojen-maraton-koli-9-10-2010","status":"publish","type":"page","link":"https:\/\/test.marathonmc.com\/?page_id=219","title":{"rendered":"Vaarojen maraton Koli 9.10.2010"},"content":{"rendered":"<div>\n<p>Startti eritt\u00e4in mielenkiintoiseen ja vaativaan maastoon oli kello 11 paikallista aikaa noin sadan juoksijan voimin.<br \/>\nMin\u00e4, ty\u00f6kaverini Arska sek\u00e4 kaverini vuosikymmenten takaa Jype olimme jo hyviss\u00e4 ajoin verryttelem\u00e4ss\u00e4 l\u00e4ht\u00f6alueella.<br \/>\nVaarojen maratoni eroaa ns. citymaratoneista perusteelisesti koska matkalla on vain pari tankkauspistett\u00e4 josta voi t\u00e4ydent\u00e4\u00e4 omia juomavarastojaan.<br \/>\nJoten reppu sel\u00e4ss\u00e4 matkaan ja juomaa sek\u00e4 purtavaa mukaan.<br \/>\nL\u00e4ht\u00f6laukauksen saattelemina s\u00e4nt\u00e4simme aukealta kapealle polulle jonomuodostelman jatkoksi ja vauhti ei juurikaan sykkeit\u00e4 yl\u00e4kanttiin nostanut. Hyv\u00e4\u00e4 pk-treeni\u00e4.<\/p>\n<\/div>\n<div>\n<p>Alkutukotuksen j\u00e4lkeen alkoi selv\u00e4sti jono selv\u00e4sti ven\u00e4ht\u00e4m\u00e4\u00e4n ja sai tilaa jo juosta omaa vauhtia.<br \/>\nJuoksimme omassa kolmen koplassamme Arskan tahtiin koska t\u00e4m\u00e4 oli ensimm\u00e4inen maratoni h\u00e4lle ikin\u00e4 ja olimme luvanneet ett\u00e4 jos ei muu auta niin raahaamme miehen vaikka maaliin saakka.<br \/>\nKun olimme juosseet 12 kilsaa Arska nyrj\u00e4ytti nilkkansa kivikossa ja j\u00e4i maahan tuskissaan makaamaan.<br \/>\nEi muuta kun urheiluteippi\u00e4 repusta ja hissunkissun jatkamaan matkaa. Eih\u00e4n miest\u00e4 keskelle mets\u00e4\u00e4 tohtinut yksink\u00e4\u00e4n j\u00e4tt\u00e4\u00e4. S\u00e4rkyl\u00e4\u00e4kett\u00e4 huuleen parin tunnin v\u00e4lein, kyl se siit\u00e4.<br \/>\nParinkympin tallustelun j\u00e4lkeen alkoi todella selkeem\u00e4\u00e4n mist\u00e4 tulee parin kilsan korkeusero matkalle.<br \/>\nOli meinaan melkoisia m\u00e4ki\u00e4 kavuttavana. Jotkut alam\u00e4etkin oli tultava takaperin kun ei etuperin p\u00e4\u00e4ssyt. Mill\u00e4h\u00e4n pirun \u00f6ljyll\u00e4 parhaat veti lenkin nelj\u00e4\u00e4n tuntiin?<br \/>\nMatkanteko eteni tuskastuttavan hitaasti ja kolmenkympin j\u00e4lkeen alkoi jo pikkasen hirvitt\u00e4m\u00e4\u00e4n ett\u00e4 keret\u00e4\u00e4nk\u00f6 maaliin ennen pime\u00e4n tuloa. Arskan nilkka oli jo l\u00e4hes tuplaten paksumpi kuin toinen mutta sitkeesti mies painoi eteenp\u00e4in vakuutellen ettei aio keskeytt\u00e4\u00e4 mist\u00e4\u00e4n hinnasta. Ja maasto oli edelleen tosi makeeta. Siin\u00e4 silm\u00e4 lep\u00e4si ja keho rehki.<\/p>\n<\/div>\n<div>\n<p>\u00a0 Jypen gps-laite laskelmoi ett\u00e4 maaliin olisi en\u00e4\u00e4 700 metri\u00e4, jippii! L\u00f6imme lis\u00e4\u00e4 l\u00f6yty\u00e4 Arskalle huutaen ja hoputtaen ett\u00e4 JAKSAA JAKSAA! Tais mies olla jo aika puhki ku ei ees kiroillu meille takas en\u00e4\u00e4. Juuri kun luulimme ett\u00e4 seuraavan m\u00e4en p\u00e4\u00e4ll\u00e4 odottaa maali, l\u00f6ysimme polun varresta p\u00f6kertyneen ultramatkan juoksijan. Mies uskotteli meille ett\u00e4 laite valehtelee, matkaa maaliin olisi viel\u00e4 3 kilsaa! Perkele! Virvoittelimme miehen jalkeilleen ja pakotimme jatkamaan matkaa. Kymmen minuuttia my\u00f6hemmin mies paineli taas kuin hirvi pitkin polkua ja j\u00e4tti meid\u00e4t haisemaan.<\/p>\n<\/div>\n<div>\n<p>\u00a0 Huonoilla uutisilla marinoitu Arska oli nujerrettu l\u00e4hes totaalisesti. Viimeiset pari kilsaa oli l\u00e4hes t\u00e4ysin pelkk\u00e4\u00e4 jyrkk\u00e4\u00e4 yl\u00e4m\u00e4ke\u00e4 ja pime\u00e4 pukkasi jo uhkaavasti p\u00e4\u00e4lle.<br \/>\nPakko vet\u00e4\u00e4 miehest\u00e4 viel\u00e4 viimeiset mehut joten Arskaa suorastaan piiskattiin eteenp\u00e4in.<br \/>\nVihdoinkin edess\u00e4 siinsiv\u00e4t maalivalot. K\u00e4ytimme aikaa pikku retkeen mukavat 8.40 ja jano sek\u00e4 n\u00e4lk\u00e4 olivat sen mukaiset.<br \/>\nPari p\u00e4iv\u00e4\u00e4 kaljoittelua ja herkuttelua huvilalla jonka olimme vuokranneet teki ter\u00e4\u00e4 urakan vastapainoksi.<br \/>\nReissun j\u00e4lkeen Arskan nilkka kipsattiin koska siin\u00e4 ilmeni pieni murtuma. Hattua pit\u00e4\u00e4 nostaa kun sitke\u00e4sti mies painoi maaliin saakka rampana.<br \/>\nEnsi vuonna uusi yritys paremmalla tuurilla.<\/p>\n<p><a href=\"http:\/\/test.marathonmc.com\/wp-content\/uploads\/2016\/01\/PA090024make.jpg\"><img loading=\"lazy\" class=\"alignnone size-full wp-image-220\" src=\"http:\/\/test.marathonmc.com\/wp-content\/uploads\/2016\/01\/PA090024make.jpg\" alt=\"PA090024make\" width=\"600\" height=\"450\" srcset=\"https:\/\/test.marathonmc.com\/wp-content\/uploads\/2016\/01\/PA090024make.jpg 600w, https:\/\/test.marathonmc.com\/wp-content\/uploads\/2016\/01\/PA090024make-300x225.jpg 300w\" sizes=\"(max-width: 600px) 100vw, 600px\" \/><\/a><\/p>\n<\/div>\n<div>\n<p>Make<\/p>\n<\/div>\n","protected":false},"excerpt":{"rendered":"<p>Startti eritt\u00e4in mielenkiintoiseen ja vaativaan maastoon oli kello 11 paikallista aikaa noin sadan juoksijan voimin. Min\u00e4, ty\u00f6kaverini Arska sek\u00e4 kaverini vuosikymmenten takaa Jype olimme jo hyviss\u00e4 ajoin verryttelem\u00e4ss\u00e4 l\u00e4ht\u00f6alueella. Vaarojen maratoni eroaa ns. citymaratoneista perusteelisesti koska matkalla on vain pari tankkauspistett\u00e4 josta voi t\u00e4ydent\u00e4\u00e4 omia juomavarastojaan. Joten reppu sel\u00e4ss\u00e4 matkaan ja juomaa sek\u00e4 purtavaa mukaan&#8230;.<\/p>\n","protected":false},"author":1,"featured_media":0,"parent":0,"menu_order":0,"comment_status":"open","ping_status":"open","template":"","meta":[],"_links":{"self":[{"href":"https:\/\/test.marathonmc.com\/index.php?rest_route=\/wp\/v2\/pages\/219"}],"collection":[{"href":"https:\/\/test.marathonmc.com\/index.php?rest_route=\/wp\/v2\/pages"}],"about":[{"href":"https:\/\/test.marathonmc.com\/index.php?rest_route=\/wp\/v2\/types\/page"}],"author":[{"embeddable":true,"href":"https:\/\/test.marathonmc.com\/index.php?rest_route=\/wp\/v2\/users\/1"}],"replies":[{"embeddable":true,"href":"https:\/\/test.marathonmc.com\/index.php?rest_route=%2Fwp%2Fv2%2Fcomments&post=219"}],"version-history":[{"count":1,"href":"https:\/\/test.marathonmc.com\/index.php?rest_route=\/wp\/v2\/pages\/219\/revisions"}],"predecessor-version":[{"id":221,"href":"https:\/\/test.marathonmc.com\/index.php?rest_route=\/wp\/v2\/pages\/219\/revisions\/221"}],"wp:attachment":[{"href":"https:\/\/test.marathonmc.com\/index.php?rest_route=%2Fwp%2Fv2%2Fmedia&parent=219"}],"curies":[{"name":"wp","href":"https:\/\/api.w.org\/{rel}","templated":true}]}}