{"id":205,"date":"2016-01-28T23:56:53","date_gmt":"2016-01-28T21:56:53","guid":{"rendered":"http:\/\/test.marathonmc.com\/?page_id=205"},"modified":"2016-02-19T11:38:50","modified_gmt":"2016-02-19T09:38:50","slug":"marathon-mcn-kokoontumisajo-elokuussa-2011","status":"publish","type":"page","link":"https:\/\/test.marathonmc.com\/?page_id=205","title":{"rendered":"Marathon MC:n kokoontumisajo elokuussa 2011"},"content":{"rendered":"<p style=\"text-align: center;\"><strong><span style=\"font-size: 18pt; font-family: georgia, palatino; color: #ef7700;\">Marathon MC:n kokoontumisajo elokuussa 2011<\/span><\/strong><\/p>\n<hr \/>\n<p>Moottorien jyrin\u00e4 t\u00e4ytti Lahdesta Kouvolaan menev\u00e4n tien varressa olevan huoltoaseman pihan, kun saattue eri suunnilta saapuneita bikereita starttasi j\u00e4lleen matkaan suuntanaan parin sadan kilometrin p\u00e4\u00e4ss\u00e4 oleva kohde rajan pinnassa. Elokuinen aamu oli viel\u00e4 hyyt\u00e4v\u00e4n kylm\u00e4, kun ensimm\u00e4inen polkaisi koneensa k\u00e4yntiin aamukuudelta kolmen sadan kilometrin p\u00e4\u00e4ss\u00e4 l\u00e4nsirannikolla. Muut l\u00e4htiv\u00e4t matkaan tahoillaan hieman my\u00f6hemmin. Kello kymmenelt\u00e4 koko joukko oli koossa ja valmiina valitulle reitille. Aurinko l\u00e4mmitti tien ja joukko jyristi eteenp\u00e4in.<\/p>\n<p>Viipurinporttia l\u00e4hestytt\u00e4ess\u00e4 is\u00e4nt\u00e4mme Maken liittyi viime maileilla joukkoon mukaan. Make johdatti joukkueen viimeiset kymmenet kilometrit l\u00e4pi aurinkoisen Imatran ja Vuoksenniskan. Oli mahtavaa kuunnella moottorien syd\u00e4nt\u00e4tahdistavaa laulua kerhomme t\u00e4ytt\u00e4ess\u00e4 v\u00e4yl\u00e4n matkallaan kohteeseen. Oli mahtavaa katsella edess\u00e4 etenev\u00e4\u00e4 jylisev\u00e4\u00e4 muodostelmaa ja n\u00e4hd\u00e4 peilist\u00e4 loputkin.<\/p>\n<p><img loading=\"lazy\" class=\"alignnone size-full wp-image-207\" src=\"http:\/\/test.marathonmc.com\/wp-content\/uploads\/2016\/01\/MarathonMC201106082011488.jpg\" alt=\"MarathonMC201106082011488\" width=\"400\" height=\"300\" srcset=\"https:\/\/test.marathonmc.com\/wp-content\/uploads\/2016\/01\/MarathonMC201106082011488.jpg 400w, https:\/\/test.marathonmc.com\/wp-content\/uploads\/2016\/01\/MarathonMC201106082011488-300x225.jpg 300w\" sizes=\"(max-width: 400px) 100vw, 400px\" \/><\/p>\n<p><img loading=\"lazy\" class=\"alignnone size-full wp-image-206\" src=\"http:\/\/test.marathonmc.com\/wp-content\/uploads\/2016\/01\/MarathonMC201106082011490.jpg\" alt=\"MarathonMC201106082011490\" width=\"400\" height=\"289\" srcset=\"https:\/\/test.marathonmc.com\/wp-content\/uploads\/2016\/01\/MarathonMC201106082011490.jpg 400w, https:\/\/test.marathonmc.com\/wp-content\/uploads\/2016\/01\/MarathonMC201106082011490-300x217.jpg 300w\" sizes=\"(max-width: 400px) 100vw, 400px\" \/><\/p>\n<p>Saavuimme perille ja tutustuimme tukikohtaamme ja em\u00e4nt\u00e4\u00e4mme. T\u00e4\u00e4ll\u00e4 kyll\u00e4 kelpaisi olla. Purimme pakaasit ja vaihdoimme ajovaatteet lenkkikuteisiin. Make oli luvannut meille maisemareitin ja sinne l\u00e4hdimme turhia viivyttelem\u00e4tt\u00e4 &#8211; mik\u00e4p\u00e4 olisi parempaa tuntien istumisen j\u00e4lkeen.<\/p>\n<p>Retkeilyreitti osoittautui vaativaksi lenkkipoluksi, kiviseksi ja puiden juurilla p\u00e4\u00e4llystetyksi. Kosteissa paikoissa oli pitkospuita ja ojien ylityksiin oli rakennettu kapeita siltoja. Osa pitkospuista oli jo lahonneita, joten aivan varauksetta niihin ei voinut luottaa. Ylh\u00e4\u00e4ll\u00e4 kallioilla oli mahtavat maisemat. Onneksi ei ollut sateista, sill\u00e4 silloin kalliot ja kivet olisivat olleet liukkaita. Silti ainakin kolme meist\u00e4 syleili maaemoa jossain vaiheessa, mutta mit\u00e4\u00e4n vammoja reissusta ei j\u00e4\u00e4nyt edes sieluun. Vaativimmissa nousuissa oli viritetty k\u00f6ysi\u00e4, ett\u00e4 kipuaminen onnistuisi liukkaammallakin s\u00e4\u00e4ll\u00e4. Ja tarpeeseen ne olivat alastuloissakin. Yl\u00e4m\u00e4et ja alam\u00e4et vaihtelivat tiuhaan tahtiin, t\u00e4\u00e4ll\u00e4 ei paljon tasaista ollut.<\/p>\n<p><a href=\"http:\/\/test.marathonmc.com\/wp-content\/uploads\/2016\/01\/MarathonMC201106082011492.jpg\"><img loading=\"lazy\" class=\" size-full wp-image-208 alignleft\" src=\"http:\/\/test.marathonmc.com\/wp-content\/uploads\/2016\/01\/MarathonMC201106082011492.jpg\" alt=\"MarathonMC201106082011492\" width=\"400\" height=\"300\" srcset=\"https:\/\/test.marathonmc.com\/wp-content\/uploads\/2016\/01\/MarathonMC201106082011492.jpg 400w, https:\/\/test.marathonmc.com\/wp-content\/uploads\/2016\/01\/MarathonMC201106082011492-300x225.jpg 300w\" sizes=\"(max-width: 400px) 100vw, 400px\" \/><\/a> <a href=\"http:\/\/test.marathonmc.com\/wp-content\/uploads\/2016\/01\/MarathonMC201106082011493x.jpg\"><img loading=\"lazy\" class=\" size-full wp-image-209 alignleft\" src=\"http:\/\/test.marathonmc.com\/wp-content\/uploads\/2016\/01\/MarathonMC201106082011493x.jpg\" alt=\"MarathonMC201106082011493x\" width=\"400\" height=\"300\" srcset=\"https:\/\/test.marathonmc.com\/wp-content\/uploads\/2016\/01\/MarathonMC201106082011493x.jpg 400w, https:\/\/test.marathonmc.com\/wp-content\/uploads\/2016\/01\/MarathonMC201106082011493x-300x225.jpg 300w\" sizes=\"(max-width: 400px) 100vw, 400px\" \/><\/a> <a href=\"http:\/\/test.marathonmc.com\/wp-content\/uploads\/2016\/01\/MarathonMC201106082011494.jpg\"><img loading=\"lazy\" class=\" size-full wp-image-210 alignleft\" src=\"http:\/\/test.marathonmc.com\/wp-content\/uploads\/2016\/01\/MarathonMC201106082011494.jpg\" alt=\"MarathonMC201106082011494\" width=\"400\" height=\"300\" srcset=\"https:\/\/test.marathonmc.com\/wp-content\/uploads\/2016\/01\/MarathonMC201106082011494.jpg 400w, https:\/\/test.marathonmc.com\/wp-content\/uploads\/2016\/01\/MarathonMC201106082011494-300x225.jpg 300w\" sizes=\"(max-width: 400px) 100vw, 400px\" \/><\/a>Puoliv\u00e4liss\u00e4 reitti\u00e4 oli Myllykosken lev\u00e4hdyspaikka. Join virran raikasta vett\u00e4 janooni, sill\u00e4 olin l\u00e4htenyt reissulle ilman juomapulloa. Puutteellinen nestetankkaus kostautui ja loppumatkalla tunsin vilunv\u00e4reit\u00e4 helteisest\u00e4 kelist\u00e4 huolimatta &#8211; nestehukkaa. Make ja Toni meniv\u00e4t leikitellen edell\u00e4 eik\u00e4 minustakaan kukaan p\u00e4\u00e4ssyt edelle, ennen kuin polku leveni. Sitten ne kyll\u00e4 meniv\u00e4t. Viimeisill\u00e4 kilometreill\u00e4 sain huomata olevani porukan heikkokuntoisin ja kun lensin mahalleni l\u00e4hes tasaisella polulla, meinasi orastava jalkakramppi tehd\u00e4 yl\u00f6snoususta vaikean. Lopulta reitti kuitenkin saavutti l\u00e4ht\u00f6pisteens\u00e4 ja mittarini mukaan hieman vajaan kahdeksantoista kilometrin lenkki oli heitetty pari minuuttia yli kahden tunnin. On n\u00e4m\u00e4 kovia poikia, ajop\u00e4iv\u00e4n p\u00e4\u00e4lle juoksevat t\u00e4llaisen lenkin ja osa olisi ollut valmis viel\u00e4 toiselle kierrokselle. Minulle riitti hyvin yksikin kierros.<\/p>\n<p>&nbsp;<\/p>\n<p>Sauna oli viimeisen p\u00e4\u00e4lle ja joen rannassa. Joen vesi oli virkist\u00e4v\u00e4n kylm\u00e4\u00e4. My\u00f6s poika saunoi, sill\u00e4 Hanskilla oli mukanaan edellisist\u00e4 kokomatkan kisoista saatu pokaali, jonka h\u00e4n t\u00e4ytti savuisella tislaustuotteella. Sauna, uinti, kaljaa ja makkaraa &#8211; hyv\u00e4 on ihmisen olla n\u00e4in veljien seurassa.<\/p>\n<p><a href=\"http:\/\/test.marathonmc.com\/wp-content\/uploads\/2016\/01\/MarathonMC2011005.jpg\"><img loading=\"lazy\" class=\" size-full wp-image-211 alignleft\" src=\"http:\/\/test.marathonmc.com\/wp-content\/uploads\/2016\/01\/MarathonMC2011005.jpg\" alt=\"MarathonMC2011005\" width=\"400\" height=\"299\" srcset=\"https:\/\/test.marathonmc.com\/wp-content\/uploads\/2016\/01\/MarathonMC2011005.jpg 400w, https:\/\/test.marathonmc.com\/wp-content\/uploads\/2016\/01\/MarathonMC2011005-300x224.jpg 300w\" sizes=\"(max-width: 400px) 100vw, 400px\" \/><\/a> <a href=\"http:\/\/test.marathonmc.com\/wp-content\/uploads\/2016\/01\/MarathonMC2011017.jpg\"><img loading=\"lazy\" class=\" size-full wp-image-212 alignleft\" src=\"http:\/\/test.marathonmc.com\/wp-content\/uploads\/2016\/01\/MarathonMC2011017.jpg\" alt=\"MarathonMC2011017\" width=\"400\" height=\"299\" srcset=\"https:\/\/test.marathonmc.com\/wp-content\/uploads\/2016\/01\/MarathonMC2011017.jpg 400w, https:\/\/test.marathonmc.com\/wp-content\/uploads\/2016\/01\/MarathonMC2011017-300x224.jpg 300w\" sizes=\"(max-width: 400px) 100vw, 400px\" \/><\/a><\/p>\n<p>&nbsp;<\/p>\n<p>&nbsp;<\/p>\n<p>&nbsp;<\/p>\n<p>&nbsp;<\/p>\n<p>&nbsp;<\/p>\n<p>&nbsp;<\/p>\n<p>&nbsp;<\/p>\n<p>&nbsp;<\/p>\n<p>&nbsp;<\/p>\n<p>&nbsp;<\/p>\n<p>&nbsp;<\/p>\n<p>Saunan j\u00e4lkeen nautittiin p\u00f6yd\u00e4n antimia ja istuttiin iltaa terassilla. Tottakai nautittiin silm\u00e4t vesiss\u00e4 se perinteinen Maken rakentama tulinen snapsi. Ja nautittiin boolia p\u00e4\u00e4lle. Luontokin oli puolellamme ja laski vetens\u00e4 vasta kun olimme ajomme ajaneet ja lenkkimme juosseet. Y\u00f6n aikana vett\u00e4 tuli todella runsaasti.<\/p>\n<p>Sunnuntaina hyv\u00e4n aamupalan nautittuamme aloimme pakkailla tavaroitamme ja yksi toisensa j\u00e4lkeen vuorollaan jyr\u00e4ytti koneensa tulille. Taas oli tie edess\u00e4.<\/p>\n<p>Kiitos Makelle ja Tiinalle kestityksest\u00e4 ja y\u00f6sijasta. Ei p\u00e4rj\u00e4\u00e4 maailman hotellit t\u00e4lle paikalle ja t\u00e4lle is\u00e4nt\u00e4v\u00e4elle.<\/p>\n<p>-Juha<\/p>\n","protected":false},"excerpt":{"rendered":"<p>Marathon MC:n kokoontumisajo elokuussa 2011 Moottorien jyrin\u00e4 t\u00e4ytti Lahdesta Kouvolaan menev\u00e4n tien varressa olevan huoltoaseman pihan, kun saattue eri suunnilta saapuneita bikereita starttasi j\u00e4lleen matkaan suuntanaan parin sadan kilometrin p\u00e4\u00e4ss\u00e4 oleva kohde rajan pinnassa. Elokuinen aamu oli viel\u00e4 hyyt\u00e4v\u00e4n kylm\u00e4, kun ensimm\u00e4inen polkaisi koneensa k\u00e4yntiin aamukuudelta kolmen sadan kilometrin p\u00e4\u00e4ss\u00e4 l\u00e4nsirannikolla. Muut l\u00e4htiv\u00e4t matkaan tahoillaan&#8230;<\/p>\n","protected":false},"author":1,"featured_media":0,"parent":131,"menu_order":0,"comment_status":"open","ping_status":"closed","template":"page-templates\/full-width.php","meta":[],"_links":{"self":[{"href":"https:\/\/test.marathonmc.com\/index.php?rest_route=\/wp\/v2\/pages\/205"}],"collection":[{"href":"https:\/\/test.marathonmc.com\/index.php?rest_route=\/wp\/v2\/pages"}],"about":[{"href":"https:\/\/test.marathonmc.com\/index.php?rest_route=\/wp\/v2\/types\/page"}],"author":[{"embeddable":true,"href":"https:\/\/test.marathonmc.com\/index.php?rest_route=\/wp\/v2\/users\/1"}],"replies":[{"embeddable":true,"href":"https:\/\/test.marathonmc.com\/index.php?rest_route=%2Fwp%2Fv2%2Fcomments&post=205"}],"version-history":[{"count":4,"href":"https:\/\/test.marathonmc.com\/index.php?rest_route=\/wp\/v2\/pages\/205\/revisions"}],"predecessor-version":[{"id":266,"href":"https:\/\/test.marathonmc.com\/index.php?rest_route=\/wp\/v2\/pages\/205\/revisions\/266"}],"up":[{"embeddable":true,"href":"https:\/\/test.marathonmc.com\/index.php?rest_route=\/wp\/v2\/pages\/131"}],"wp:attachment":[{"href":"https:\/\/test.marathonmc.com\/index.php?rest_route=%2Fwp%2Fv2%2Fmedia&parent=205"}],"curies":[{"name":"wp","href":"https:\/\/api.w.org\/{rel}","templated":true}]}}