{"id":197,"date":"2016-01-28T23:50:49","date_gmt":"2016-01-28T21:50:49","guid":{"rendered":"http:\/\/test.marathonmc.com\/?page_id=197"},"modified":"2016-02-19T11:38:24","modified_gmt":"2016-02-19T09:38:24","slug":"marathon-mc-mukana-vantaan-maratonilla-9-10-2011","status":"publish","type":"page","link":"https:\/\/test.marathonmc.com\/?page_id=197","title":{"rendered":"Marathon MC mukana Vantaan maratonilla 9.10.2011"},"content":{"rendered":"<p style=\"text-align: center;\"><strong><span style=\"font-size: 18pt; font-family: georgia, palatino; color: #ef7700;\">Marathon MC mukana Vantaan maratonilla 9.10.2011<\/span><\/strong><\/p>\n<hr \/>\n<p>Valmistaudun maratonille niin kuin maratonille valmistaudutaan,\u00a0tankkaamalla. T\u00e4ll\u00e4 kertaa en kuitenkaan tankkaa hiilihydraatteja vaan\u00a0<span style=\"line-height: 1.6471;\">gasoliinia H-D:n tankin t\u00e4yteen. Edess\u00e4 on moottorimarssi Vantaan maratonin\u00a0<\/span><span style=\"line-height: 1.6471;\">keulalla. Reitti on tuttu, sill\u00e4 katsastimme sen etuk\u00e4teen ja ajoin sen\u00a0<\/span><span style=\"line-height: 1.6471;\">yksin\u00e4\u00e4nkin l\u00e4pi. Olen kyll\u00e4 vuosia sitten juossut Vantaan maratonin, mutta\u00a0<\/span><span style=\"line-height: 1.6471;\">reitti on niist\u00e4 ajoista muuttunut. Vantaalla juostaan reilu kympin kierros\u00a0<\/span><span style=\"line-height: 1.6471;\">nelj\u00e4\u00e4n kertaan, joten t\u00e4ysmatkan juoksijalle reitti ehtii tulla tutuksi.<\/span><\/p>\n<p>Aamu on vilpoisa, mutta aurinko l\u00e4mmitt\u00e4\u00e4 sopivasti. Maratonin startti on<br \/>\nklo 11 ja parempaa juoksus\u00e4\u00e4t\u00e4 on turha toivoa. Hartsa on l\u00e4hd\u00f6ss\u00e4<br \/>\nt\u00e4yspitk\u00e4lle lenkille faijansa kanssa ja toivotamme hyv\u00e4t matkat. Asetun<br \/>\nl\u00e4ht\u00f6asemiin noin viidenkymmenen metrin p\u00e4\u00e4h\u00e4n juoksijoista. Liivin<br \/>\nkerhotunnuksesta juoksijat pystyv\u00e4t p\u00e4\u00e4ttelem\u00e4\u00e4n, ett\u00e4 samaan asiaan t\u00e4ss\u00e4<br \/>\nollaan vihkiytyneit\u00e4.<\/p>\n<p>L\u00e4ht\u00f6laukaus pamahtaa ja l\u00e4hden etenem\u00e4\u00e4n jo oppimallani reitill\u00e4. Reitti<br \/>\non kyll\u00e4 merkitty hyvin tiehen maaliviivoilla ja mutkapaikoissa nuolilla,<br \/>\nmutta edess\u00e4ajajan itsevarmuus on paremmassa kuosissa, kun tiet\u00e4\u00e4 varmasti<br \/>\nminne menn\u00e4\u00e4n. Olisi todella noloa johtaa k\u00e4rkijuoksijat harhaan.<\/p>\n<p>L\u00e4ht\u00f6 ja maali sijaitsevat Tikkurilan urheilupuistossa ja n\u00e4ill\u00e4 tienoin on<br \/>\npaljon v\u00e4ke\u00e4 maratonia seuraamassa ja juoksijoita kannustamassa. Huutelen<br \/>\nkatselijoille k\u00e4rjen olevan tulossa. Vilkuilen juoksijoita peilist\u00e4 ja<br \/>\nv\u00e4lill\u00e4 pys\u00e4hdyn hetkeksi odottamaan. Peilit tuntuvat pienilt\u00e4 t\u00e4h\u00e4n<br \/>\ntarkoitukseen mutta opin pian huomaamaan muita nopeammin etenev\u00e4n<br \/>\njuoksijan. Juoksupaidan v\u00e4rin ja parhaimmillaan my\u00f6s kenkien v\u00e4rin voi<br \/>\ntunnistaa, mutta ei juuri enemp\u00e4\u00e4. En j\u00e4tt\u00e4ydy liian l\u00e4helle etten<br \/>\nh\u00e4iritsisi juoksua moottorin jyrin\u00e4ll\u00e4 ja pakokaasun p\u00f6ll\u00e4hdyksill\u00e4. Pian<br \/>\nk\u00e4rkijuoksija on jo yksin\u00e4inen, muita ei n\u00e4y.<\/p>\n<p>Kannustajia on paikkapaikoin paljonkin ja reitill\u00e4 on kaksi huoltopistett\u00e4<br \/>\nurheilupuiston ulkopuolella. Minullekin tarjotaan juotavaa.<br \/>\nLoppupuoliskolla on omakotialue, jossa on poikkeuksellisen aktiivista<br \/>\nkannustusporukkaa, liput liehuvat, torvet soivat ja kannustushuudot<br \/>\nraikavat. Tunnen olevani sankari min\u00e4kin, vaikka kulkuni on t\u00e4ll\u00e4 kertaa<br \/>\nmuita kevyemp\u00e4\u00e4.<\/p>\n<p>Kierros t\u00e4yttyy ja l\u00e4hdemme toiselle. Se menee samalla kaavalla pitk\u00e4\u00e4n,<br \/>\naina edell\u00e4 mainittuun hulabaloo-paikkaan asti, miss\u00e4 k\u00e4rki sopivasti<br \/>\nsaavuttaa h\u00e4nt\u00e4p\u00e4\u00e4n. Saavutan hitaimmin juoksevan maratoonarin, joka on<br \/>\nsuomalaisten maratonien gran old man, Kalevi Saukkonen, noin 1470. maraton<br \/>\nmenossa. H\u00e4net tunnen ja huudan kannustusta. Ennen maalialuetta ohitan<br \/>\nviel\u00e4 useita ensimm\u00e4isen kierroksen juoksijoita.<\/p>\n<p>Kolmannella kierroksella juoksijoita edess\u00e4 on paljon. Peileist\u00e4 katsoessa<br \/>\nt\u00e4ytyy olla tarkkana ja erottaa sielt\u00e4 joukosta se muita nopeammin etenev\u00e4.<br \/>\nVihre\u00e4t lenkkarit auttavat huomaamista. Huutelen tiet\u00e4 k\u00e4rjelle ja<br \/>\nkaasuttelen huomion kiinnitt\u00e4miseksi milloin tie tuntuu olevan tukossa.<br \/>\nHyvin sinne sekaan sopii vaikka v\u00e4lill\u00e4 joku kuulokkeet korvilla juokseva<br \/>\nei tahdokaan huomata takaa tulijoita. Reitti on nyt kauttaaltaan merkitty<br \/>\njuoksijoilla eik\u00e4 erehtymisen vaaraa ole kell\u00e4\u00e4n. Huoltopisteell\u00e4 tankkaan<br \/>\nnestett\u00e4 min\u00e4kin, ei t\u00e4ss\u00e4 kylm\u00e4 ole p\u00e4\u00e4ssyt tulemaan. Teknisen h\u00e4iri\u00f6n<br \/>\nvuoksi missaan k\u00e4rjen, mutta ohitan ongelman ja siirryn maalialueelle<br \/>\nodotusasemiin.<\/p>\n<p>V\u00e4ke\u00e4 on jo todella paljon juoksun p\u00e4\u00e4ll\u00e4 eik\u00e4 ole helppoa erottaa<br \/>\nk\u00e4rkijuoksijaa, vaikka h\u00e4n muita kovempaa tuleekin. Kaasuttelen edess\u00e4<br \/>\nmenem\u00e4\u00e4n ja huutelen tiet\u00e4 tukospaikoissa. Viimeinen kierros etenee<br \/>\nvauhdikkaasti ja v\u00e4h\u00e4n yli kahden ja puolen tunnin ajalla l\u00e4hestymme<br \/>\nmaalia. Urakka on p\u00e4\u00e4ttym\u00e4ss\u00e4. Min\u00e4 kaarran edest\u00e4 pois parkkialueelle, kun<br \/>\nvoittaja juoksee maaliin ajalla 2.35.<\/p>\n<p>Pist\u00e4n mopon parkkiin ja otan k\u00e4ristemakkaraa. Aamupuurosta on jo monta<br \/>\ntuntia, joten hyvin maistuu. Kannustan juoksijoita, juttelen talkoov\u00e4en<br \/>\nkanssa ja siirryn kahville sis\u00e4tiloihin. Harri Mannermaa pit\u00e4\u00e4 kokeneena<br \/>\nmaratonis\u00e4nt\u00e4n\u00e4 lankoja k\u00e4siss\u00e4\u00e4n ja hoitelee kaiken aikaa kaikkea<br \/>\nmahdollista mit\u00e4 tuollaisessa noin 1600 juoksijan tapahtumassa eteen tulee.<\/p>\n<p>Kymppi ja puolimaraton l\u00e4htev\u00e4t kierroksilleen kiritt\u00e4m\u00e4\u00e4n j\u00e4ljell\u00e4 olevia<br \/>\nmaratoonareita. Radalla on jo melkoisen t\u00e4ytt\u00e4 enk\u00e4 ole siell\u00e4 en\u00e4\u00e4 mukana.<br \/>\nNautin urheilujuhlan tunnelmasta ja juttelen ihmisten kanssa. Sympaattinen<br \/>\nja hieno tapahtuma.<\/p>\n<p>Hartsa p\u00e4\u00e4see maaliin faijansa kanssa suunnitelman mukaisesti tai hieman<br \/>\netuajassakin. Mahtava yhteisreissu ja hieno tuki is\u00e4ukon ensimm\u00e4iselle<br \/>\nmaratonille. Eik\u00e4 kummallakaan n\u00e4ytt\u00e4nyt edes tekev\u00e4n tiukkaa.<br \/>\nAika velikultia.<br \/>\n<a href=\"http:\/\/test.marathonmc.com\/wp-content\/uploads\/2016\/01\/Vantaa2011_C9Z5558.jpg\"><img loading=\"lazy\" class=\"alignnone size-full wp-image-198\" src=\"http:\/\/test.marathonmc.com\/wp-content\/uploads\/2016\/01\/Vantaa2011_C9Z5558.jpg\" alt=\"Vantaa2011_C9Z5558\" width=\"267\" height=\"400\" srcset=\"https:\/\/test.marathonmc.com\/wp-content\/uploads\/2016\/01\/Vantaa2011_C9Z5558.jpg 267w, https:\/\/test.marathonmc.com\/wp-content\/uploads\/2016\/01\/Vantaa2011_C9Z5558-200x300.jpg 200w\" sizes=\"(max-width: 267px) 100vw, 267px\" \/><\/a><br \/>\nJuha<\/p>\n<p><img src=\"file:\/\/\/C:\/Users\/Ninni\/Desktop\/Uusi%20kansio\/Kerho\/Marathon%20MC\/kotisivut\/Vantaa2011_C9Z5558.jpg\" alt=\"\" \/><\/p>\n","protected":false},"excerpt":{"rendered":"<p>Marathon MC mukana Vantaan maratonilla 9.10.2011 Valmistaudun maratonille niin kuin maratonille valmistaudutaan,\u00a0tankkaamalla. T\u00e4ll\u00e4 kertaa en kuitenkaan tankkaa hiilihydraatteja vaan\u00a0gasoliinia H-D:n tankin t\u00e4yteen. Edess\u00e4 on moottorimarssi Vantaan maratonin\u00a0keulalla. Reitti on tuttu, sill\u00e4 katsastimme sen etuk\u00e4teen ja ajoin sen\u00a0yksin\u00e4\u00e4nkin l\u00e4pi. Olen kyll\u00e4 vuosia sitten juossut Vantaan maratonin, mutta\u00a0reitti on niist\u00e4 ajoista muuttunut. Vantaalla juostaan reilu kympin kierros\u00a0nelj\u00e4\u00e4n&#8230;<\/p>\n","protected":false},"author":1,"featured_media":0,"parent":131,"menu_order":0,"comment_status":"open","ping_status":"closed","template":"page-templates\/full-width.php","meta":[],"_links":{"self":[{"href":"https:\/\/test.marathonmc.com\/index.php?rest_route=\/wp\/v2\/pages\/197"}],"collection":[{"href":"https:\/\/test.marathonmc.com\/index.php?rest_route=\/wp\/v2\/pages"}],"about":[{"href":"https:\/\/test.marathonmc.com\/index.php?rest_route=\/wp\/v2\/types\/page"}],"author":[{"embeddable":true,"href":"https:\/\/test.marathonmc.com\/index.php?rest_route=\/wp\/v2\/users\/1"}],"replies":[{"embeddable":true,"href":"https:\/\/test.marathonmc.com\/index.php?rest_route=%2Fwp%2Fv2%2Fcomments&post=197"}],"version-history":[{"count":4,"href":"https:\/\/test.marathonmc.com\/index.php?rest_route=\/wp\/v2\/pages\/197\/revisions"}],"predecessor-version":[{"id":260,"href":"https:\/\/test.marathonmc.com\/index.php?rest_route=\/wp\/v2\/pages\/197\/revisions\/260"}],"up":[{"embeddable":true,"href":"https:\/\/test.marathonmc.com\/index.php?rest_route=\/wp\/v2\/pages\/131"}],"wp:attachment":[{"href":"https:\/\/test.marathonmc.com\/index.php?rest_route=%2Fwp%2Fv2%2Fmedia&parent=197"}],"curies":[{"name":"wp","href":"https:\/\/api.w.org\/{rel}","templated":true}]}}