{"id":179,"date":"2016-01-28T23:45:03","date_gmt":"2016-01-28T21:45:03","guid":{"rendered":"http:\/\/test.marathonmc.com\/?page_id=179"},"modified":"2016-02-19T11:39:12","modified_gmt":"2016-02-19T09:39:12","slug":"ultraa-ultran-peraan","status":"publish","type":"page","link":"https:\/\/test.marathonmc.com\/?page_id=179","title":{"rendered":"Ultraa ultran per\u00e4\u00e4n"},"content":{"rendered":"<p style=\"text-align: center;\"><strong><span style=\"font-size: 18pt; font-family: georgia, palatino; color: #ef7700;\">Ultraa ultran per\u00e4\u00e4n<\/span><\/strong><\/p>\n<hr \/>\n<p>2011 juoksemani Wihan kilometrien satasen piti olla ensimm\u00e4inen ja viimeinen ultrajuoksuni, mutta toisin k\u00e4vi.<\/p>\n<p>Huomattuani netiss\u00e4 Perni\u00f6n satasen kes\u00e4kuun 8.-9. p\u00e4iv\u00e4 muutamaa viikkoa ennen kyseist\u00e4 tapahtumaa, ilmoittauduin mukaan asiaa sen ihmeemmin pohtimatta. Ennen Perni\u00f6n satasta olin juossut t\u00e4n\u00e4 vuonna kuutisen sataa kilometri\u00e4 treenilenkkej\u00e4. Eniten arvelutti vireystilojen vaihteluideni takia ja unirytmini vuoksi se, ett\u00e4 kyseess\u00e4 oli y\u00f6juoksu ja tiesin valvomisesta tulevan pitk\u00e4n. Lis\u00e4ksi matkaan ei p\u00e4\u00e4ssyt mukaan huoltajaksi kukaan, joten p\u00e4\u00e4tin l\u00e4hte\u00e4 reissuun pr\u00e4tk\u00e4ll\u00e4. Ajattelin ett\u00e4 pysyn paremmin hereill\u00e4 juoksun j\u00e4lkeen kotiin ajaessani pr\u00e4tk\u00e4ll\u00e4 kuin autolla.<\/p>\n<p>L\u00e4ht\u00f6 sataselle oli Perni\u00f6ss\u00e4 kello 19 ja tavoitteeni oli juosta kymmeneen tuntiin. Wihan kilometreill\u00e4 sataseen olin k\u00e4ytt\u00e4nyt 11.52. Tavoite oli siis l\u00e4hte\u00e4 kuuden minuutin kilometrivauhtia, mutta l\u00e4hdinkin reilun viiden minuutin vauhtia. 15 kilometrin kohdalla alkoi oikean jalan polvessa, eli terveess\u00e4 polvessani, tuntumaan juoksijanpolven oireita ja lis\u00e4ksi vatsa potki takaisin aina kun laitoin suuhuni jotakin. 70 kilometriin asti juoksu oli suhteellisen vaikeaa, mutta sitten kroppa alkoi toimimaan ja juoksu kulkemaan. Ihmettelin miten 70km kohdalla juoksu voi tuntua niin mahtavan hyv\u00e4lle, toki jaloissa painoi jo matkan rasitus. Hyv\u00e4\u00e4 juoksufiilist\u00e4 kesti kuitenkin vain kolme kierrosta, eli 15km, kun matkaa oli viel\u00e4 j\u00e4ljell\u00e4 uudet kolme kierrosta. Vauhti alkoi hiipumaan ja laskin etten p\u00e4\u00e4se aikatavoitteeseeni mill\u00e4\u00e4n. Viimeisell\u00e4 kierroksella rupesin jopa k\u00e4velem\u00e4\u00e4n, mutta sitten ajattelin juosseeni jo 97km, ja ettei t\u00e4ss\u00e4 vaiheessa voi alkaa k\u00e4vell\u00e4. Olin jo todella v\u00e4synyt ja jalat tuntuivat tuhansien kilojen lyijypainoilta. Ajattelin etten pysty ottamaan loppukiri\u00e4k\u00e4\u00e4n, mutta niin se vaan irtosi ja maaliin tulin loppuajalla 11.10,34. HD:ni kyytiin p\u00e4\u00e4sin hyvin, vaikka ennen juoksua monet kyseliv\u00e4t miten aion saada jalkani nousemaa pr\u00e4tk\u00e4n selk\u00e4\u00e4n. Perni\u00f6st\u00e4 Forssaan matka sujui hyvin, mutta sen j\u00e4lkeen 30 tunnin valvominen otti veronsa ja aloin jo n\u00e4hd\u00e4 omiani. Teiden paikkaukset ja maalaukset muuttuivat k\u00e4\u00e4rmeiksi ja loppumatka kotiin oli pinnistely\u00e4, ett\u00e4 ajo olisi turvallista. Kotona nukuin kaksi tuntia, huomasin etteiv\u00e4t jalat tuntuneet ihmeemmilt\u00e4 eik\u00e4 rakkoja eik\u00e4 hiertymi\u00e4k\u00e4\u00e4n ollut tullut lainkaan.<\/p>\n<p><img loading=\"lazy\" class=\"alignnone size-full wp-image-180\" src=\"http:\/\/test.marathonmc.com\/wp-content\/uploads\/2016\/01\/toniharleyKuva-1.jpg\" alt=\"toniharleyKuva 1\" width=\"267\" height=\"400\" srcset=\"https:\/\/test.marathonmc.com\/wp-content\/uploads\/2016\/01\/toniharleyKuva-1.jpg 267w, https:\/\/test.marathonmc.com\/wp-content\/uploads\/2016\/01\/toniharleyKuva-1-200x300.jpg 200w\" sizes=\"(max-width: 267px) 100vw, 267px\" \/><br \/>\n(Kuvaaja Jari Tomppo)<\/p>\n<p>Perni\u00f6ss\u00e4 juoksun aikana muutamat juoksijat kyseliv\u00e4t aionko osallistua ensimm\u00e4ist\u00e4 kertaa j\u00e4rjestett\u00e4v\u00e4\u00e4n OxroadUltra-juoksuun Turun Linnalta H\u00e4meen Linnaan. Olin ennen Perni\u00f6t\u00e4 ajatellut t\u00e4t\u00e4 mahdollisuutta juosta historiallista reitti\u00e4 100 mailia, mik\u00e4li Perni\u00f6n satanen menisi hyvin. Vaikken p\u00e4\u00e4ssytk\u00e4\u00e4n satasella aikatavoitteeseeni, j\u00e4i juoksusta hyv\u00e4 fiilis ja p\u00e4\u00e4tin osallistua Oxroadiin. Viel\u00e4 kun sain Oxroadiin sponsoriksi MotorCafe Suvirannan, oli p\u00e4\u00e4t\u00f6s sinet\u00f6ity.<\/p>\n<p>Juoksujen v\u00e4liss\u00e4 kahden kuukauden aikana k\u00e4vin lenkkeilem\u00e4ss\u00e4 suht normaalisti, pisin lenkki oli 34km. T\u00e4lle v\u00e4lille osui my\u00f6s muutaman viikon pr\u00e4tk\u00e4reissu Euroopassa ja lenkkeilty\u00e4 tuli my\u00f6s muun muassa Prahassa ja Auschwitziss\u00e4.<\/p>\n<p>J\u00e4lleen kerran eniten huolta ennen ultraa koin aikaisin her\u00e4\u00e4misist\u00e4ni, ja kisa-aamunakin her\u00e4sin jo viidelt\u00e4, eik\u00e4 p\u00e4iv\u00e4unista tullut mit\u00e4\u00e4n. Turkuun sain \u201dhuoltop\u00e4\u00e4llik\u00f6ksi\u201d hierojani Jussin ja tsemppariksi avopuolisoni Ninan. Perjantai-iltana Turun Linnassa s\u00e4\u00e4 oli aurinkoinen ja startti prologiin tapahtui hevosk\u00e4rry\u00e4 seuraten Aurajoen rantaa Turun Tuomiokirkolle. Prologin juoksin Marathon MC:n nahkaliivi p\u00e4\u00e4ll\u00e4, kun joillain muilla juoksijoilla oli heijastinliivit (Biker Forever). Tuomiokirkolta oli linja-autokuljetus Liedon kunnantalolle, josta varsinainen l\u00e4ht\u00f6 sadalle mailille tapahtui kello 22.00.<\/p>\n<p><img loading=\"lazy\" class=\"alignnone size-full wp-image-181\" src=\"http:\/\/test.marathonmc.com\/wp-content\/uploads\/2016\/01\/toniharleyKuva-2.jpg\" alt=\"toniharleyKuva 2\" width=\"265\" height=\"400\" srcset=\"https:\/\/test.marathonmc.com\/wp-content\/uploads\/2016\/01\/toniharleyKuva-2.jpg 265w, https:\/\/test.marathonmc.com\/wp-content\/uploads\/2016\/01\/toniharleyKuva-2-199x300.jpg 199w\" sizes=\"(max-width: 265px) 100vw, 265px\" \/><br \/>\n(Kuvaaja Nina Suominen)<\/p>\n<p>Tavoitteena oli l\u00e4hte\u00e4 juoksemaan 6:40 kilometrivauhtia, jolloin matkaan menisi 18 tuntia. Aikatavoite oli tullut Perni\u00f6n 100km juoksuun k\u00e4ytetyn ajan perusteella. Alkuun juoksin v\u00e4h\u00e4n yli viiden minuutin kilometrivauhtia ja vasta noin 5km kohdalla sain jarrutettua kuuden ja puolen vauhtiin, sill\u00e4 hitaasti juokseminen on minulle vaikeaa. Alusta asti oikea etureisi tuntui v\u00e4h\u00e4n omituiselta, se oli viimeisell\u00e4 pitk\u00e4ll\u00e4 harjoituslenkill\u00e4 krampannut. 30km kohdalla vatsa alkoi potkia takaisinp\u00e4in, mutten saanut mit\u00e4\u00e4n yl\u00f6s vaikka kaoinkin. Maraton t\u00e4yttyi aikaan 4,36 t\u00e4htitaivaan alla ja l\u00e4hes t\u00e4yden kuun loisteessa kellon ollessa puoli kolme y\u00f6ll\u00e4. Y\u00f6n aikana oli niin pime\u00e4\u00e4, ettei ilman otsalamppua olisi n\u00e4hnyt juosta lainkaan. Matkan varressa talkoohengess\u00e4 j\u00e4rjestetyill\u00e4 huoltopisteill\u00e4 oli keskell\u00e4 y\u00f6t\u00e4kin v\u00e4ke\u00e4 kannustamassa ja hoitamassa juoksijoiden nesteytyst\u00e4 ja ravitsemusta. Etenkin mieleen j\u00e4i y\u00f6n pimeydess\u00e4 saavutettu huoltopiste, jossa kuorolausunnalla koko kyl\u00e4n voimin toivoteltiin tervetulleeksi Marttilaan ja kannustus oli sit\u00e4 luokkaa kuin olisi maaliin tullut.<\/p>\n<p>Auringonnousun aikaan oli hyv\u00e4 fiilis, kun tiesi p\u00e4\u00e4sev\u00e4ns\u00e4 maaliin ennen kuin aurinko taas laskisi. 80km j\u00e4lkeen pystyi laskemaan, ett\u00e4 enemm\u00e4n on juostu kuin on j\u00e4ljell\u00e4. Jalkapohjien kivun takia vaihdoin vanhat luottolenkkarit (n. 3000km takana) uusiin Asics gel nimbus 14-lenkkareihini, joilla juoksin loppumatkan. T\u00e4ss\u00e4 kohtaa my\u00f6s Polarin akku loppui ja jouduin luovuttamaan sen lataukseen noin 1,5 tunniksi. T\u00e4n\u00e4 aikana en tiennyt tarkkaa aikaa, mutta pystyin silti pit\u00e4m\u00e4\u00e4n saman tahdin kuin siihenkin asti. 100 kilometrin aika (11,40) oli parempi kuin 2011 juoksemani Wihan kilometrien aika. Satasen kohdilla Kushin Kanin Annu ja Marathon MC:n Hartsa ja Masa tulivat kannustamaan eteenp\u00e4in. N\u00e4ill\u00e4 vaihein juoksu kulki todella hyvin, ohitin useita kanssajuoksijoita ja monella tuntui olevan paljon vaikeuksia.<\/p>\n<p><img loading=\"lazy\" class=\"alignnone size-full wp-image-182\" src=\"http:\/\/test.marathonmc.com\/wp-content\/uploads\/2016\/01\/toniharleyKuva-3.jpg\" alt=\"toniharleyKuva 3\" width=\"265\" height=\"400\" srcset=\"https:\/\/test.marathonmc.com\/wp-content\/uploads\/2016\/01\/toniharleyKuva-3.jpg 265w, https:\/\/test.marathonmc.com\/wp-content\/uploads\/2016\/01\/toniharleyKuva-3-199x300.jpg 199w\" sizes=\"(max-width: 265px) 100vw, 265px\" \/><br \/>\n(Kuvaaja Nina Suominen)<\/p>\n<p>115km:n kohdilla alkoivat minullakin todelliset vaikeudet, tuntui etteiv\u00e4t jalat kanna juostessa ja jouduin v\u00e4lill\u00e4 k\u00e4velem\u00e4\u00e4n. 120km kohdilla alkoi vatsa potkia kunnolla ja Suomen Kuvalehtikin sai hienon kakomiskuvan pitk\u00e4n hiekkatien varresta. Kaikesta kakomisesta huolimatta en saanut mit\u00e4\u00e4n ulos. Alavatsaan sattui todella paljon juoksemisen rasitus ja kakominen. Onneksi oli oma fyssari mukana, joka antoi 120km j\u00e4lkeen pika-apua kipeisiin jalkoihin. Ihmettelin todella kenen mielest\u00e4 kyseinen reitti \u201don eritt\u00e4in tasainen eik\u00e4 matkalla ole pitki\u00e4 uuvuttavia suoria\u201d kuten tapahtuman sivuilla kirjoitetaan. Ennen Nummenkyl\u00e4\u00e4 alkoi tihuttaa ja Rengon j\u00e4lkeen vett\u00e4 tuli kunnolla. Kipujen rinnalla sateella ei kuitenkaan ollut mit\u00e4\u00e4n merkityst\u00e4. Rengon huoltopisteell\u00e4 en ollut lainkaan varma maaliin p\u00e4\u00e4syst\u00e4 ja arvelin etteiv\u00e4t jalat kantaisi viimeisi\u00e4 reilua 20 kilometri\u00e4. Kilometrit kohti H\u00e4meen Linnaa tuntuivat t\u00e4yttyv\u00e4n k\u00e4sitt\u00e4m\u00e4tt\u00f6m\u00e4n hitaasti ja kivut jaloissa lonkista jalkapohjiin saakka olivat jotain mit\u00e4 en olisi ikin\u00e4 uskonut kokevani. 2000-vuonna oikean k\u00e4den sormieni murskaantuminenkaan ei tuntunut edes ampiaisen pistolta verrattuna n\u00e4ihin kipuihin.<\/p>\n<p>Ennen viimeist\u00e4 huoltopistett\u00e4 reilu 5km ennen maalia sanoin kyyneleet silmiss\u00e4 Ninalle, joka oli kulkenut v\u00e4lill\u00e4 p\u00e4tki\u00e4 matkasta kanssani, ett\u00e4 kipu on siet\u00e4m\u00e4t\u00f6nt\u00e4. Huoltopisteelt\u00e4 en ottanut en\u00e4\u00e4 mit\u00e4\u00e4n, mutta l\u00f6in kivunsiirtotarkoituksella k\u00e4teni ja kipu siirtyikin rystysiin jaloista. Pystyin pitk\u00e4st\u00e4 aikaa juoksemaan ja Parolantiell\u00e4 ohitin aiemmin minut ohittaneen juoksijan. Sitten n\u00e4in edell\u00e4ni toisen juoksijan, jonka ohitin ennen moottoritien siltaa. Sillan j\u00e4lkeen ohitin viel\u00e4 yhden juoksijan ja maaliin oli matkaa en\u00e4\u00e4 vajaa kilometri. Sykkeet olivat melko korkealla, noin 170:ss\u00e4 ja tasasin nopeutta maaliin p\u00e4\u00e4syn varmistamiseksi. Tapahtuman is\u00e4, Mika Penttil\u00e4, saattoi polkupy\u00f6r\u00e4ll\u00e4 lipun kanssa minut maalisuoralle, jossa ennen viimeist\u00e4 suoraa luovutti OxroadUltra-lipun minulle. Otin lipun kanssa loppuspurtin, jollaista en olisi uskonut unissanikaan pystyv\u00e4ni vet\u00e4isem\u00e4\u00e4n 160,9km:n j\u00e4lkeen. Loppusuoralla kuulin kannustukset maalialueelta, adrenaliinitaso oli taivaissa ja etupotku muuriin nousi kevyesti. T\u00e4m\u00e4n j\u00e4lkeen kaaduin nurmikolle ja sain kaulaani Penttil\u00e4lt\u00e4 todella hienon ja painavan H\u00e4rk\u00e4tie-mitalin sek\u00e4 yst\u00e4v\u00e4lt\u00e4 kuplajuomaa. Useita yst\u00e4vi\u00e4 oli maalialueella onnittelemassa ja jo aiemmin matkalla tukemassa ja tsemppaamassa. Loppuaika oli 20.30.39. H\u00e4rk\u00e4tien h\u00e4rk\u00e4 oli TYRM\u00c4TTY.<\/p>\n<p><img loading=\"lazy\" class=\"alignnone size-full wp-image-183\" src=\"http:\/\/test.marathonmc.com\/wp-content\/uploads\/2016\/01\/toniharleyKuva-4.jpg\" alt=\"toniharleyKuva 4\" width=\"400\" height=\"265\" srcset=\"https:\/\/test.marathonmc.com\/wp-content\/uploads\/2016\/01\/toniharleyKuva-4.jpg 400w, https:\/\/test.marathonmc.com\/wp-content\/uploads\/2016\/01\/toniharleyKuva-4-300x199.jpg 300w, https:\/\/test.marathonmc.com\/wp-content\/uploads\/2016\/01\/toniharleyKuva-4-372x245.jpg 372w\" sizes=\"(max-width: 400px) 100vw, 400px\" \/><br \/>\n(Kuvaaja Jari Junttila)<\/p>\n<p>Nyt kaksi viikkoa juoksun j\u00e4lkeen olen varma siit\u00e4, OxroadUltran ainutlaatuisuudesta huolimatta, etten en\u00e4\u00e4 tulee juoksemaan nelj\u00e4\u00e4 maratonia putkeen, vaan yhden kerrallaan. Sen verran olen oppinut, ett\u00e4 koskaan ei kannata sanoa ei koskaan.<\/p>\n<p>-Toni \u201dHarley\u201d<\/p>\n","protected":false},"excerpt":{"rendered":"<p>Ultraa ultran per\u00e4\u00e4n 2011 juoksemani Wihan kilometrien satasen piti olla ensimm\u00e4inen ja viimeinen ultrajuoksuni, mutta toisin k\u00e4vi. Huomattuani netiss\u00e4 Perni\u00f6n satasen kes\u00e4kuun 8.-9. p\u00e4iv\u00e4 muutamaa viikkoa ennen kyseist\u00e4 tapahtumaa, ilmoittauduin mukaan asiaa sen ihmeemmin pohtimatta. Ennen Perni\u00f6n satasta olin juossut t\u00e4n\u00e4 vuonna kuutisen sataa kilometri\u00e4 treenilenkkej\u00e4. Eniten arvelutti vireystilojen vaihteluideni takia ja unirytmini vuoksi se,&#8230;<\/p>\n","protected":false},"author":1,"featured_media":0,"parent":131,"menu_order":0,"comment_status":"open","ping_status":"closed","template":"page-templates\/full-width.php","meta":[],"_links":{"self":[{"href":"https:\/\/test.marathonmc.com\/index.php?rest_route=\/wp\/v2\/pages\/179"}],"collection":[{"href":"https:\/\/test.marathonmc.com\/index.php?rest_route=\/wp\/v2\/pages"}],"about":[{"href":"https:\/\/test.marathonmc.com\/index.php?rest_route=\/wp\/v2\/types\/page"}],"author":[{"embeddable":true,"href":"https:\/\/test.marathonmc.com\/index.php?rest_route=\/wp\/v2\/users\/1"}],"replies":[{"embeddable":true,"href":"https:\/\/test.marathonmc.com\/index.php?rest_route=%2Fwp%2Fv2%2Fcomments&post=179"}],"version-history":[{"count":3,"href":"https:\/\/test.marathonmc.com\/index.php?rest_route=\/wp\/v2\/pages\/179\/revisions"}],"predecessor-version":[{"id":270,"href":"https:\/\/test.marathonmc.com\/index.php?rest_route=\/wp\/v2\/pages\/179\/revisions\/270"}],"up":[{"embeddable":true,"href":"https:\/\/test.marathonmc.com\/index.php?rest_route=\/wp\/v2\/pages\/131"}],"wp:attachment":[{"href":"https:\/\/test.marathonmc.com\/index.php?rest_route=%2Fwp%2Fv2%2Fmedia&parent=179"}],"curies":[{"name":"wp","href":"https:\/\/api.w.org\/{rel}","templated":true}]}}