{"id":131,"date":"2015-09-11T02:44:50","date_gmt":"2015-09-10T23:44:50","guid":{"rendered":"http:\/\/test.marathonmc.com\/?page_id=131"},"modified":"2016-10-27T21:30:21","modified_gmt":"2016-10-27T18:30:21","slug":"tarinat","status":"publish","type":"page","link":"https:\/\/test.marathonmc.com\/?page_id=131","title":{"rendered":"Tarinat"},"content":{"rendered":"<p><span style=\"color: #ef7700; font-family: georgia, palatino; font-size: 16pt;\"><a style=\"color: #ef7700;\" href=\"http:\/\/test.marathonmc.com\/?page_id=419\">Ironman Barcelona\u00a02.10.2016<\/a><\/span><\/p>\n<p><span style=\"color: #ef7700; font-family: georgia, palatino; font-size: 16pt;\"><a style=\"color: #ef7700;\" href=\"http:\/\/test.marathonmc.com\/?page_id=137\">Cracovia Maraton 19.4.2015<\/a><\/span><\/p>\n<p><span style=\"font-family: georgia, palatino; font-size: 16pt; color: #ef7700;\"><a style=\"color: #ef7700;\" href=\"http:\/\/test.marathonmc.com\/?page_id=150\">Gran Canaria Marat\u00f3n 25.01.2015<\/a><\/span><\/p>\n<p><a title=\"Ateenan maraton 10.11.2013\" href=\"http:\/\/test.marathonmc.com\/?page_id=244\"><span style=\"font-family: georgia, palatino; font-size: 16pt; color: #ef7700;\">Ateenan maraton 10.11.2013<\/span><\/a><\/p>\n<p><a title=\"Finntriathlon 2013\" href=\"http:\/\/test.marathonmc.com\/?page_id=175\"><span style=\"color: #ef7700; font-family: georgia, palatino; font-size: 16pt;\">Finntriathlon 2013<\/span><\/a><\/p>\n<p><a title=\"Ultraa ultran per\u00e4\u00e4n\" href=\"http:\/\/test.marathonmc.com\/?page_id=179\"><span style=\"color: #ef7700; font-family: georgia, palatino; font-size: 16pt;\">Ultraa ultran per\u00e4\u00e4n<\/span><\/a><\/p>\n<p><a title=\"Iron Butt Saddle Sore 1000 -rautaperseajo Helsinki \u2013 Rovaniemi \u2013 Helsinki\" href=\"http:\/\/test.marathonmc.com\/?page_id=186\"><span style=\"color: #ef7700; font-family: georgia, palatino; font-size: 16pt;\">Iron Butt Saddle Sore 1000 -rautaperseajo Helsinki &#8211; Rovaniemi &#8211; Helsinki<\/span><\/a><\/p>\n<p><a title=\"Copenhagen marathon 20.5.2012\" href=\"http:\/\/test.marathonmc.com\/?page_id=189\"><span style=\"color: #ef7700; font-family: georgia, palatino; font-size: 16pt;\">Copenhagen marathon 20.5.2012<\/span><\/a><\/p>\n<p><a title=\"Wihankilometrit 22.10.2011\" href=\"http:\/\/test.marathonmc.com\/?page_id=193\"><span style=\"color: #ef7700; font-family: georgia, palatino; font-size: 16pt;\">Wihankilometrit 22.10.2011<\/span><\/a><\/p>\n<p><a title=\"Marathon MC mukana Vantaan maratonilla 9.10.2011\" href=\"http:\/\/test.marathonmc.com\/?page_id=197\"><span style=\"color: #ef7700; font-family: georgia, palatino; font-size: 16pt;\">Marathon MC mukana Vantaan maratonilla 9.10.2011<\/span><\/a><\/p>\n<p><a title=\"Varalan Maraton 4.9.2011\" href=\"http:\/\/test.marathonmc.com\/?page_id=201\"><span style=\"color: #ef7700; font-family: georgia, palatino; font-size: 16pt;\">Varalan Maraton 4.9.2011<\/span><\/a><\/p>\n<p><a title=\"Marathon MC:n kokoontumisajo elokuussa 2011\" href=\"http:\/\/test.marathonmc.com\/?page_id=205\"><span style=\"color: #ef7700; font-family: georgia, palatino; font-size: 16pt;\">Marathon MC:n kokoontumisajo elokuussa 2011<\/span><\/a><\/p>\n<p><a title=\"Oulun Terwamaraton 21.5.2011\" href=\"http:\/\/test.marathonmc.com\/?page_id=215\"><span style=\"color: #ef7700; font-family: georgia, palatino; font-size: 16pt;\">Oulun Terwamaraton 21.5.2011<\/span><\/a><\/p>\n<p><a title=\"Vaarojen maraton Koli 9.10.2010\" href=\"http:\/\/test.marathonmc.com\/?page_id=219\"><span style=\"color: #ef7700; font-family: georgia, palatino; font-size: 16pt;\">Vaarojen maraton Koli 9.10.2010<\/span><\/a><\/p>\n<p><a title=\"XVII Tuusulanj\u00e4rven maraton 24.04.2010\" href=\"http:\/\/test.marathonmc.com\/?page_id=223\"><span style=\"color: #ef7700; font-family: georgia, palatino; font-size: 16pt;\">XVII Tuusulanj\u00e4rven maraton 24.4.2010<\/span><\/a><\/p>\n<p><a title=\"Vantaan maraton 11.10.2009\" href=\"http:\/\/test.marathonmc.com\/?page_id=231\"><span style=\"color: #ef7700; font-family: georgia, palatino; font-size: 16pt;\">Vantaan maraton 11.10.2009<\/span><\/a><\/p>\n<p><a title=\"Pirkan H\u00f6lkk\u00e4 4.10.2009\" href=\"http:\/\/test.marathonmc.com\/?page_id=235\"><span style=\"color: #ef7700; font-family: georgia, palatino; font-size: 16pt;\">Pirkan H\u00f6lkk\u00e4 4.10.2009<\/span><\/a><\/p>\n<p><a title=\"Espoon rantamaraton 20.9.2009\" href=\"http:\/\/test.marathonmc.com\/?page_id=239\"><span style=\"color: #ef7700; font-family: georgia, palatino; font-size: 16pt;\">Espoon rantamaraton 20.9.2009<\/span><\/a><\/p>\n","protected":false},"excerpt":{"rendered":"<p>Ironman Barcelona\u00a02.10.2016 Cracovia Maraton 19.4.2015 Gran Canaria Marat\u00f3n 25.01.2015 Ateenan maraton 10.11.2013 Finntriathlon 2013 Ultraa ultran per\u00e4\u00e4n Iron Butt Saddle Sore 1000 -rautaperseajo Helsinki &#8211; Rovaniemi &#8211; Helsinki Copenhagen marathon 20.5.2012 Wihankilometrit 22.10.2011 Marathon MC mukana Vantaan maratonilla 9.10.2011 Varalan Maraton 4.9.2011 Marathon MC:n kokoontumisajo elokuussa 2011 Oulun Terwamaraton 21.5.2011 Vaarojen maraton Koli 9.10.2010 XVII&#8230;<\/p>\n","protected":false},"author":1,"featured_media":0,"parent":47,"menu_order":0,"comment_status":"open","ping_status":"open","template":"page-templates\/full-width.php","meta":[],"_links":{"self":[{"href":"https:\/\/test.marathonmc.com\/index.php?rest_route=\/wp\/v2\/pages\/131"}],"collection":[{"href":"https:\/\/test.marathonmc.com\/index.php?rest_route=\/wp\/v2\/pages"}],"about":[{"href":"https:\/\/test.marathonmc.com\/index.php?rest_route=\/wp\/v2\/types\/page"}],"author":[{"embeddable":true,"href":"https:\/\/test.marathonmc.com\/index.php?rest_route=\/wp\/v2\/users\/1"}],"replies":[{"embeddable":true,"href":"https:\/\/test.marathonmc.com\/index.php?rest_route=%2Fwp%2Fv2%2Fcomments&post=131"}],"version-history":[{"count":11,"href":"https:\/\/test.marathonmc.com\/index.php?rest_route=\/wp\/v2\/pages\/131\/revisions"}],"predecessor-version":[{"id":421,"href":"https:\/\/test.marathonmc.com\/index.php?rest_route=\/wp\/v2\/pages\/131\/revisions\/421"}],"up":[{"embeddable":true,"href":"https:\/\/test.marathonmc.com\/index.php?rest_route=\/wp\/v2\/pages\/47"}],"wp:attachment":[{"href":"https:\/\/test.marathonmc.com\/index.php?rest_route=%2Fwp%2Fv2%2Fmedia&parent=131"}],"curies":[{"name":"wp","href":"https:\/\/api.w.org\/{rel}","templated":true}]}}